{"id":5977,"date":"2021-09-14T14:13:43","date_gmt":"2021-09-14T12:13:43","guid":{"rendered":"https:\/\/www.fieger-lamellenfenster.de\/?page_id=5977"},"modified":"2022-01-14T16:26:56","modified_gmt":"2022-01-14T15:26:56","slug":"news","status":"publish","type":"page","link":"https:\/\/www.fieger-lamellenfenster.de\/fr\/news\/","title":{"rendered":"News"},"content":{"rendered":"<div class=\"wp-block-themepunch-revslider revslider\" data-modal=\"false\" data-slidertitle=\"news fr\" style=\"\">\n\t\t\t<!-- START news fr REVOLUTION SLIDER 6.6.20 --><p class=\"rs-p-wp-fix\"><\/p>\n\t\t\t<rs-module-wrap id=\"rev_slider_21_1_wrapper\" data-source=\"gallery\" style=\"visibility:hidden;background:transparent;padding:0;margin:0px auto;margin-top:0;margin-bottom:0;\">\n\t\t\t\t<rs-module id=\"rev_slider_21_1\" style=\"\" data-version=\"6.6.20\">\n\t\t\t\t\t<rs-slides style=\"overflow: hidden; position: absolute;\">\n\t\t\t\t\t\t<rs-slide style=\"position: absolute;\" data-key=\"rs-31\" data-title=\"Slide2\" data-duration=\"4000ms\" data-in=\"o:0;\" data-out=\"a:false;\" data-d3=\"f:turn;d:vertical;su:true;\">\n\t\t\t\t\t\t\t<img decoding=\"async\" src=\"\/\/www.fieger-lamellenfenster.de\/wp-content\/plugins\/revslider\/public\/assets\/assets\/dummy.png\" alt=\"Kreative L\u00f6sungen mit Fieger Lamellenfenster f\u00fcr Brandschutz-, und L\u00fcftungskonzepte\" title=\"Landscape_SE30_128\" width=\"1920\" height=\"300\" class=\"rev-slidebg tp-rs-img rs-lazyload\" data-lazyload=\"\/\/www.fieger-lamellenfenster.de\/wp-content\/uploads\/2021\/05\/Landscape_SE30_128.jpg\" data-no-retina>\n<!--\n\t\t\t\t\t\t\t--><rs-layer\n\t\t\t\t\t\t\t\tid=\"slider-21-slide-31-layer-2\" \n\t\t\t\t\t\t\t\tdata-type=\"text\"\n\t\t\t\t\t\t\t\tdata-color=\"#000000\"\n\t\t\t\t\t\t\t\tdata-rsp_ch=\"on\"\n\t\t\t\t\t\t\t\tdata-xy=\"x:-350px;y:92px;\"\n\t\t\t\t\t\t\t\tdata-text=\"w:nowrap;s:32;l:41;fw:700;a:right;\"\n\t\t\t\t\t\t\t\tdata-dim=\"w:1002px;\"\n\t\t\t\t\t\t\t\tdata-vbility=\"t,t,t,f\"\n\t\t\t\t\t\t\t\tdata-padding=\"t:5;r:15;b:5;l:80;\"\n\t\t\t\t\t\t\t\tdata-frame_0=\"x:right;\"\n\t\t\t\t\t\t\t\tdata-frame_1=\"sp:1000;\"\n\t\t\t\t\t\t\t\tdata-frame_999=\"o:0;st:w;\"\n\t\t\t\t\t\t\t\tstyle=\"z-index:8;background-color:rgba(255,255,255,0.9);font-family:'Oswald';\"\n\t\t\t\t\t\t\t><font color=\"#c02126\">DERNI\u00c8RES NOUVELLES  <\/font>EN UN COUP D'IL \n\t\t\t\t\t\t\t<\/rs-layer><!--\n-->\t\t\t\t\t\t<\/rs-slide>\n\t\t\t\t\t<\/rs-slides>\n\t\t\t\t\t<rs-static-layers><!--\n\t\t\t\t\t--><\/rs-static-layers>\n\t\t\t\t<\/rs-module>\n\t\t\t\t<script>\n\t\t\t\t\tsetREVStartSize({c: 'rev_slider_21_1',rl:[1240,1024,778,480],el:[300],gw:[1240],gh:[300],type:'standard',justify:'',layout:'fullwidth',mh:\"0\"});if (window.RS_MODULES!==undefined && window.RS_MODULES.modules!==undefined && window.RS_MODULES.modules[\"revslider211\"]!==undefined) {window.RS_MODULES.modules[\"revslider211\"].once = false;window.revapi21 = undefined;if (window.RS_MODULES.checkMinimal!==undefined) window.RS_MODULES.checkMinimal()}\n\t\t\t\t<\/script>\n\t\t\t<\/rs-module-wrap>\n\t\t\t<!-- END REVOLUTION SLIDER -->\n<\/div>\n\n\n\n\n<p><\/p><!--themify_builder_content-->\n<div id=\"themify_builder_content-5977\" data-postid=\"5977\" class=\"themify_builder_content themify_builder_content-5977 themify_builder tf_clear\">\n    \t\t\t<!-- module_row -->\n\t<div  data-lazy=\"1\" class=\"module_row themify_builder_row tb_2mty908 tb_first tf_w tf_clearfix\">\n\t    \t\t\t<div class=\"row_inner col_align_top tb_col_count_1 tf_box tf_rel\">\n\t\t            <div  data-lazy=\"1\" class=\"module_column tb-column col-full tb_1am6908 first\">\n                                                        <div class=\"tb-column-inner tf_box tf_w\">\n                        <!-- module fancy heading -->\n<div  class=\"module module-fancy-heading tb_lw29908 \" data-lazy=\"1\">\n        <h1 class=\"fancy-heading tf_textc\">\n    <span class=\"main-head tf_block\">\n\t\t\t\t\tNews\t\t    <\/span>\n\n\t\n    <span class=\"sub-head tf_block tf_rel\">\n\t\t\t\t\tVoici vous trouverez des actualit\u00e9s et de nouveaux th\u00e8mes\t\t    <\/span>\n    <\/h1>\n<\/div>\n<!-- \/module fancy heading -->\n                    <\/div>\n                            <\/div>\n            \t    <\/div>\n\t    <!-- \/row_inner -->\n\t<\/div>\n\t<!-- \/module_row -->\n\t\t\t\t<!-- module_row -->\n\t<div  data-lazy=\"1\" class=\"module_row themify_builder_row tb_9v64267 tf_w tf_clearfix\">\n\t    \t\t\t<div class=\"row_inner col_align_top tb_col_count_1 tf_box tf_rel\">\n\t\t            <div  data-lazy=\"1\" class=\"module_column tb-column col-full tb_4idb279 first\">\n                                                        <div class=\"tb-column-inner tf_box tf_w\">\n                        <!-- module post -->\n<div  class=\"module module-post tb_ds9j280 latest-news\">\n        <div  class=\"builder-posts-wrap loops-wrapper grid3 masonry polaroid tf_rel tf_clear tf_clearfix\" data-lazy=\"1\">\n\t<article id=\"post-7978\" class=\"post tf_clearfix post-7978 type-post status-publish format-standard has-post-thumbnail hentry category-non-classifiee category-tous-fr has-post-title has-post-date has-post-category has-post-tag has-post-comment has-post-author \">\n\t    \n\t\t\t\t<figure class=\"post-image tf_clearfix\">\n\t\t\t    \t\t\t\t\t\t\t\t<a href=\"https:\/\/www.fieger-lamellenfenster.de\/fr\/smart-natural-ventilation-the-sustainable-solution\/\">\n\t\t\t\t\t\t\t\t<img loading=\"lazy\" decoding=\"async\" src=\"https:\/\/www.fieger-lamellenfenster.de\/wp-content\/uploads\/2019\/10\/newsFriedrich-List-Schule-Lueftung-1024x771-390x400.jpg\" width=\"390\" height=\"400\" class=\"wp-post-image wp-image-5264\" title=\"newsFriedrich-List-Schule-Lueftung\" alt=\"Friedrich List Schule L\u00fcftungskonzept\">\t\t\t\t\t\t\t\t    \t\t\t\t<\/a>\n\t\t\t\t\t\t\t    \t\t\t<\/figure>\n\t\t\t\t<div class=\"post-content\">\n\t\t<div class=\"post-content-inner\">\n\n\t\t\t\t\t\t\t\t<div class=\"post-date-wrap post-date-inline\">\n\t\t<time class=\"post-date entry-date updated\" datetime=\"2021-12-15\">\n\t\t\t\t\t<span class=\"year\">15 d\u00e9cembre 2021<\/span>\n\t\t\t\t<\/time>\n\t<\/div><!-- .post-date-wrap -->\n\t\t\t\t\n\t\t\t<h2 class=\"post-title entry-title\"><a href=\"https:\/\/www.fieger-lamellenfenster.de\/fr\/smart-natural-ventilation-the-sustainable-solution\/\">Smart Natural Ventilation &#8211; The Sustainable Solution<\/a><\/h2>\n\t\t\t\n\t\t\t\n\t\t\t\t<div class=\"entry-content\">\n\n        \n\t\t<p>Sustainable and energy-efficient building-construction with FIEGER louvre windows A thermally insulated building envelope, low U-values, no thermal bridges &#8211; energy-efficient construction requires methodical and effective planning. The indoor climate often poses a particular challenge. It must be designed in such a way that it meets the individual needs of the occupants, while consuming as little [&hellip;]<\/p>\n\n\t\t\n\t\t    <p><a href=\"https:\/\/www.fieger-lamellenfenster.de\/fr\/smart-natural-ventilation-the-sustainable-solution\/\" class=\"more-link\">weiterlesen<\/a><\/p>\n\n\t\t\n\t    \n\t<\/div><!-- \/.entry-content -->\n\t\n\t\t<\/div>\n\t\t<!-- \/.post-content-inner -->\n\t<\/div>\n\t<!-- \/.post-content -->\n\t\n<\/article>\n<!-- \/.post -->\n<\/div><!-- .builder-posts-wrap -->\n                    <\/div>\n    <!-- \/module post -->\n                    <\/div>\n                            <\/div>\n            \t    <\/div>\n\t    <!-- \/row_inner -->\n\t<\/div>\n\t<!-- \/module_row -->\n\t<\/div>\n<!--\/themify_builder_content-->","protected":false},"excerpt":{"rendered":"<p>NewsVoici vous trouverez des actualit\u00e9s et de nouveaux th\u00e8mes<\/p>\n","protected":false},"author":18,"featured_media":0,"parent":0,"menu_order":2,"comment_status":"closed","ping_status":"closed","template":"","meta":{"footnotes":""},"_links":{"self":[{"href":"https:\/\/www.fieger-lamellenfenster.de\/fr\/wp-json\/wp\/v2\/pages\/5977"}],"collection":[{"href":"https:\/\/www.fieger-lamellenfenster.de\/fr\/wp-json\/wp\/v2\/pages"}],"about":[{"href":"https:\/\/www.fieger-lamellenfenster.de\/fr\/wp-json\/wp\/v2\/types\/page"}],"author":[{"embeddable":true,"href":"https:\/\/www.fieger-lamellenfenster.de\/fr\/wp-json\/wp\/v2\/users\/18"}],"replies":[{"embeddable":true,"href":"https:\/\/www.fieger-lamellenfenster.de\/fr\/wp-json\/wp\/v2\/comments?post=5977"}],"version-history":[{"count":16,"href":"https:\/\/www.fieger-lamellenfenster.de\/fr\/wp-json\/wp\/v2\/pages\/5977\/revisions"}],"predecessor-version":[{"id":9540,"href":"https:\/\/www.fieger-lamellenfenster.de\/fr\/wp-json\/wp\/v2\/pages\/5977\/revisions\/9540"}],"wp:attachment":[{"href":"https:\/\/www.fieger-lamellenfenster.de\/fr\/wp-json\/wp\/v2\/media?parent=5977"}],"curies":[{"name":"wp","href":"https:\/\/api.w.org\/{rel}","templated":true}]}}