{"id":5733,"date":"2021-07-09T11:15:08","date_gmt":"2021-07-09T09:15:08","guid":{"rendered":"https:\/\/www.fieger-lamellenfenster.de\/outil-de-calcul-de-construction\/"},"modified":"2025-05-21T14:51:58","modified_gmt":"2025-05-21T12:51:58","slug":"outil-de-calcul-de-construction","status":"publish","type":"page","link":"https:\/\/www.fieger-lamellenfenster.de\/fr\/outil-de-calcul-de-construction\/","title":{"rendered":"Outil de calcul de construction"},"content":{"rendered":"<!--themify_builder_content-->\n<div id=\"themify_builder_content-5733\" data-postid=\"5733\" class=\"themify_builder_content themify_builder_content-5733 themify_builder tf_clear\">\n    \t\t\t<!-- module_row -->\n\t<div  data-lazy=\"1\" class=\"module_row themify_builder_row tb_gelc859 tb_first tf_w tf_clearfix\">\n\t    \t\t\t<div class=\"row_inner col_align_top tb_col_count_1 tf_box tf_rel\">\n\t\t            <div  data-lazy=\"1\" class=\"module_column tb-column col-full tb_846k860 first\">\n                                                        <div class=\"tb-column-inner tf_box tf_w\">\n                        <!-- module fancy heading -->\n<div  class=\"module module-fancy-heading tb_h6i4860 \" data-lazy=\"1\">\n        <h1 class=\"fancy-heading tf_textc\">\n    <span class=\"main-head tf_block\">\n\t\t\t\t\tNotre outil de calcul de construction\t\t    <\/span>\n\n\t\n    <span class=\"sub-head tf_block tf_rel\">\n\t\t\t\t\tPARAMETREZ VOS FEN\u00caTRES FIEGER EN LIGNE\t\t    <\/span>\n    <\/h1>\n<\/div>\n<!-- \/module fancy heading -->\n\t<div  data-lazy=\"1\" class=\"module_subrow themify_builder_sub_row tb_8ihu861 tf_w tf_clearfix\">\n\t    \t\t\t<div class=\"subrow_inner col_align_top tb_col_count_2 tf_box tf_w\">\n\t\t            <div  data-lazy=\"1\" class=\"module_column sub_column tb_k79a862 first\">\n                                                        <div class=\"tb-column-inner tf_box tf_w\">\n                        <!-- module text -->\n<div  class=\"module module-text tb_ix7u862   \" data-lazy=\"1\">\n        <div  class=\"tb_text_wrap\">\n    <p>Faites-vous une premi\u00e8re id\u00e9e en toute simplicit\u00e9. Il vous suffit de saisir les donn\u00e9es concernant l&rsquo;isolation recherch\u00e9e, la quantit\u00e9 pr\u00e9vue ainsi que la largeur et la hauteur des fen\u00eatres, puis d&rsquo;indiquer le nombre de lames souhait\u00e9.<\/p>    <\/div>\n<\/div>\n<!-- \/module text -->                    <\/div>\n                            <\/div>\n                        <div  data-lazy=\"1\" class=\"module_column sub_column tb_r5e1862 last\">\n                                                        <div class=\"tb-column-inner tf_box tf_w\">\n                        <!-- module text -->\n<div  class=\"module module-text tb_y14t862   \" data-lazy=\"1\">\n        <div  class=\"tb_text_wrap\">\n    <p>Indiquez la valeur Ug souhait\u00e9e et les coefficients de transmission thermique lin\u00e9iques\u00a0\u03c8 (Psi). Vous obtiendrez ainsi un aper\u00e7u des valeurs de vos fen\u00eatres sous forme de tableau \u00e0 imprimer pour faire une premi\u00e8re estimation.<\/p>    <\/div>\n<\/div>\n<!-- \/module text -->                    <\/div>\n                            <\/div>\n            \t    <\/div>\n\t<\/div><!-- \/themify_builder_sub_row -->\n\t\t<div  data-lazy=\"1\" class=\"module_subrow themify_builder_sub_row tb_zlsx666 tf_w tf_clearfix\">\n\t    \t\t\t<div class=\"subrow_inner col_align_top tb_col_count_1 tf_box tf_w\">\n\t\t            <div  data-lazy=\"1\" class=\"module_column sub_column col-full tb_i6zr667 first\">\n                                                        <div class=\"tb-column-inner tf_box tf_w\">\n                        <!-- module text -->\n<div  class=\"module module-text tb_cxdx218   \" data-lazy=\"1\">\n        <div  class=\"tb_text_wrap\">\n    <h5><span data-teams=\"true\" style=\"caret-color: rgb(0, 0, 0); font-weight: bold; color: rgb(189, 15, 15);\">La saisie et le calcul des produits FLW24 et FLW28 sont actuellement techniquement possibles, mais les r\u00e9sultats ne sont pas valides en raison de r\u00e9visions en cours. Si vous avez des questions ou si vous \u00eates int\u00e9ress\u00e9s, nos chefs de projet se tiennent \u00e0 votre disposition pour vous conseiller.<\/span><\/h5>    <\/div>\n<\/div>\n<!-- \/module text -->                    <\/div>\n                            <\/div>\n            \t    <\/div>\n\t<\/div><!-- \/themify_builder_sub_row -->\n\t                    <\/div>\n                            <\/div>\n            \t    <\/div>\n\t    <!-- \/row_inner -->\n\t<\/div>\n\t<!-- \/module_row -->\n\t\t\t\t<!-- module_row -->\n\t<div  data-lazy=\"1\" class=\"module_row themify_builder_row tb_eub4232 tf_w tf_clearfix\">\n\t    \t\t\t<div class=\"row_inner col_align_top tb_col_count_1 tf_box tf_rel\">\n\t\t            <div  data-lazy=\"1\" class=\"module_column tb-column col-full tb_iij2232 first\">\n                                                        <div class=\"tb-column-inner tf_box tf_w\">\n                        <!-- module text -->\n<div  class=\"module module-text tb_u8h8232   \" data-lazy=\"1\">\n        <div  class=\"tb_text_wrap\">\n    <p><iframe loading=\"lazy\" src=\"https:\/\/baurechner.fieger-lamellenfenster.de\/fr\/\" width=\"1800\" height=\"1600\"><\/iframe><\/p>\n    <\/div>\n<\/div>\n<!-- \/module text -->                    <\/div>\n                            <\/div>\n            \t    <\/div>\n\t    <!-- \/row_inner -->\n\t<\/div>\n\t<!-- \/module_row -->\n\t\t\t\t<!-- module_row -->\n\t<div  data-lazy=\"1\" class=\"module_row themify_builder_row tb_i1gf628 tf_w tf_clearfix\">\n\t    \t\t\t<div class=\"row_inner col_align_top tb_col_count_1 tf_box tf_rel\">\n\t\t            <div  data-lazy=\"1\" class=\"module_column tb-column col-full tb_mvc5628 first\">\n                                                        <div class=\"tb-column-inner tf_box tf_w\">\n                        \t<div  data-lazy=\"1\" class=\"module_subrow themify_builder_sub_row tb_uifo628 tf_w tf_clearfix\">\n\t    \t\t\t<div class=\"subrow_inner col_align_middle tb_col_count_2 tf_box tf_w\">\n\t\t            <div  data-lazy=\"1\" class=\"module_column sub_column col3-1 tb_3wwj629 first\">\n                                                <\/div>\n                        <div  data-lazy=\"1\" class=\"module_column sub_column col3-2 tb_wyn9629 last\">\n                                                        <div class=\"tb-column-inner tf_box tf_w\">\n                        <!-- module text -->\n<div  class=\"module module-text tb_6e8s629   \" data-lazy=\"1\">\n        <div  class=\"tb_text_wrap\">\n    <h3>La fen\u00eatre adapt\u00e9e \u00e0 votre projet<\/h3>\n<p>Contactez-nous pour obtenir un calcul pr\u00e9cis de votre projet. Notre \u00e9quipe d&rsquo;experts se chargera de vous fournir les valeurs exactes\u00a0:<\/p>    <\/div>\n<\/div>\n<!-- \/module text --><!-- module buttons -->\n<div  class=\"module module-buttons tb_yjqu629 buttons-horizontal solid  squared\" data-lazy=\"1\">\n    \t<div class=\"module-buttons-item tf_inline_b\">\n\t\t\t\t\t\t\t<a href=\"https:\/\/www.fieger-lamellenfenster.de\/kontakt\/\" class=\"ui builder_button red\" >\n\t\t\t\t\t\t\t\t\t\t\t<span class=\"tf_inline_b tf_vmiddle\">Contact<\/span>\n\t\t\t\t\t\t\t\t\t\t\t<\/a>\n\t\t\t    \t<\/div>\n    <\/div>\n<!-- \/module buttons -->\n<!-- module text -->\n<div  class=\"module module-text tb_3hwv629   \" data-lazy=\"1\">\n        <div  class=\"tb_text_wrap\">\n    <p><strong>info@fieger-lamellenfenster.de <\/strong><br \/><strong>+49 6201 84434-0<\/strong><\/p>    <\/div>\n<\/div>\n<!-- \/module text -->                    <\/div>\n                            <\/div>\n            \t    <\/div>\n\t<\/div><!-- \/themify_builder_sub_row -->\n\t                    <\/div>\n                            <\/div>\n            \t    <\/div>\n\t    <!-- \/row_inner -->\n\t<\/div>\n\t<!-- \/module_row -->\n\t<\/div>\n<!--\/themify_builder_content-->","protected":false},"excerpt":{"rendered":"<p>Notre outil de calcul de constructionPARAMETREZ VOS FEN\u00caTRES FIEGER EN LIGNE Faites-vous une premi\u00e8re id\u00e9e en toute simplicit\u00e9. Il vous suffit de saisir les donn\u00e9es concernant l&rsquo;isolation recherch\u00e9e, la quantit\u00e9 pr\u00e9vue ainsi que la largeur et la hauteur des fen\u00eatres, puis d&rsquo;indiquer le nombre de lames souhait\u00e9. Indiquez la valeur Ug souhait\u00e9e et les coefficients [&hellip;]<\/p>\n","protected":false},"author":18,"featured_media":0,"parent":0,"menu_order":2,"comment_status":"closed","ping_status":"closed","template":"","meta":{"footnotes":""},"_links":{"self":[{"href":"https:\/\/www.fieger-lamellenfenster.de\/fr\/wp-json\/wp\/v2\/pages\/5733"}],"collection":[{"href":"https:\/\/www.fieger-lamellenfenster.de\/fr\/wp-json\/wp\/v2\/pages"}],"about":[{"href":"https:\/\/www.fieger-lamellenfenster.de\/fr\/wp-json\/wp\/v2\/types\/page"}],"author":[{"embeddable":true,"href":"https:\/\/www.fieger-lamellenfenster.de\/fr\/wp-json\/wp\/v2\/users\/18"}],"replies":[{"embeddable":true,"href":"https:\/\/www.fieger-lamellenfenster.de\/fr\/wp-json\/wp\/v2\/comments?post=5733"}],"version-history":[{"count":18,"href":"https:\/\/www.fieger-lamellenfenster.de\/fr\/wp-json\/wp\/v2\/pages\/5733\/revisions"}],"predecessor-version":[{"id":11482,"href":"https:\/\/www.fieger-lamellenfenster.de\/fr\/wp-json\/wp\/v2\/pages\/5733\/revisions\/11482"}],"wp:attachment":[{"href":"https:\/\/www.fieger-lamellenfenster.de\/fr\/wp-json\/wp\/v2\/media?parent=5733"}],"curies":[{"name":"wp","href":"https:\/\/api.w.org\/{rel}","templated":true}]}}