{"id":5727,"date":"2021-07-09T11:13:49","date_gmt":"2021-07-09T09:13:49","guid":{"rendered":"https:\/\/www.fieger-lamellenfenster.de\/qui-sommes-nous\/"},"modified":"2025-02-28T08:06:18","modified_gmt":"2025-02-28T07:06:18","slug":"qui-sommes-nous","status":"publish","type":"page","link":"https:\/\/www.fieger-lamellenfenster.de\/fr\/qui-sommes-nous\/","title":{"rendered":"Qui sommes-nous ?"},"content":{"rendered":"<div class=\"wp-block-themepunch-revslider revslider\" data-modal=\"false\" data-slidertitle=\"Wer wir sind_fr\" style=\"\">\n\t\t\t<!-- START Wer wir sind_fr REVOLUTION SLIDER 6.6.20 --><p class=\"rs-p-wp-fix\"><\/p>\n\t\t\t<rs-module-wrap id=\"rev_slider_37_1_wrapper\" data-source=\"gallery\" style=\"visibility:hidden;background:transparent;padding:0;margin:0px auto;margin-top:0;margin-bottom:0;\">\n\t\t\t\t<rs-module id=\"rev_slider_37_1\" style=\"\" data-version=\"6.6.20\">\n\t\t\t\t\t<rs-slides style=\"overflow: hidden; position: absolute;\">\n\t\t\t\t\t\t<rs-slide style=\"position: absolute;\" data-key=\"rs-51\" data-title=\"Slide2\" data-duration=\"4000ms\" data-in=\"o:0;\" data-out=\"a:false;\" data-d3=\"f:turn;d:vertical;su:true;\">\n\t\t\t\t\t\t\t<img decoding=\"async\" src=\"\/\/www.fieger-lamellenfenster.de\/wp-content\/plugins\/revslider\/public\/assets\/assets\/dummy.png\" alt=\"FLW 32 mit hoher Luftschalld\u00e4mmung und Schallschutzverglasung nach EN ISO 10140-1 \/ 2 Aussenansicht \u00c9cole De Drize Carouge, Schweiz\" title=\"Landscape_werwirsind\" width=\"1920\" height=\"300\" class=\"rev-slidebg tp-rs-img rs-lazyload\" data-lazyload=\"\/\/www.fieger-lamellenfenster.de\/wp-content\/uploads\/2021\/05\/Landscape_werwirsind.jpg\" data-no-retina>\n<!--\n\t\t\t\t\t\t\t--><rs-layer\n\t\t\t\t\t\t\t\tid=\"slider-37-slide-51-layer-2\" \n\t\t\t\t\t\t\t\tdata-type=\"text\"\n\t\t\t\t\t\t\t\tdata-color=\"#000000\"\n\t\t\t\t\t\t\t\tdata-rsp_ch=\"on\"\n\t\t\t\t\t\t\t\tdata-xy=\"x:-350px;y:92px;\"\n\t\t\t\t\t\t\t\tdata-text=\"w:nowrap;s:32;l:41;fw:700;a:right;\"\n\t\t\t\t\t\t\t\tdata-dim=\"w:836px;\"\n\t\t\t\t\t\t\t\tdata-vbility=\"t,t,t,f\"\n\t\t\t\t\t\t\t\tdata-padding=\"t:5;r:15;b:5;l:80;\"\n\t\t\t\t\t\t\t\tdata-frame_0=\"x:right;\"\n\t\t\t\t\t\t\t\tdata-frame_1=\"sp:1000;\"\n\t\t\t\t\t\t\t\tdata-frame_999=\"o:0;st:w;\"\n\t\t\t\t\t\t\t\tstyle=\"z-index:8;background-color:rgba(255,255,255,0.9);font-family:'Oswald';\"\n\t\t\t\t\t\t\t> <font color=\"#c02126\">AUSSI UNIQUE  <\/font>QUE VOS ID\u00c9ES  \n\t\t\t\t\t\t\t<\/rs-layer><!--\n-->\t\t\t\t\t\t<\/rs-slide>\n\t\t\t\t\t<\/rs-slides>\n\t\t\t\t\t<rs-static-layers><!--\n\t\t\t\t\t--><\/rs-static-layers>\n\t\t\t\t<\/rs-module>\n\t\t\t\t<script>\n\t\t\t\t\tsetREVStartSize({c: 'rev_slider_37_1',rl:[1240,1024,778,480],el:[300],gw:[1240],gh:[300],type:'standard',justify:'',layout:'fullwidth',mh:\"0\"});if (window.RS_MODULES!==undefined && window.RS_MODULES.modules!==undefined && window.RS_MODULES.modules[\"revslider371\"]!==undefined) {window.RS_MODULES.modules[\"revslider371\"].once = false;window.revapi37 = undefined;if (window.RS_MODULES.checkMinimal!==undefined) window.RS_MODULES.checkMinimal()}\n\t\t\t\t<\/script>\n\t\t\t<\/rs-module-wrap>\n\t\t\t<!-- END REVOLUTION SLIDER -->\n<\/div>\n\n<!--themify_builder_content-->\n<div id=\"themify_builder_content-5727\" data-postid=\"5727\" class=\"themify_builder_content themify_builder_content-5727 themify_builder tf_clear\">\n    \t\t\t<!-- module_row -->\n\t<div  data-lazy=\"1\" class=\"module_row themify_builder_row tb_8tv2756 tb_first tf_w tf_clearfix\">\n\t    \t\t\t<div class=\"row_inner col_align_top tb_col_count_1 tf_box tf_rel\">\n\t\t            <div  data-lazy=\"1\" class=\"module_column tb-column col-full tb_6zb1758 first\">\n                                                        <div class=\"tb-column-inner tf_box tf_w\">\n                        <!-- module image -->\n<div  class=\"module module-image tb_z94h409   image-center tf_mw\" data-lazy=\"1\">\n        <div class=\"image-wrap tf_rel tf_mw\">\n\t\t    <img loading=\"lazy\" decoding=\"async\" src=\"https:\/\/www.fieger-lamellenfenster.de\/wp-content\/uploads\/2021\/12\/Fieger_Lamellenfenster_840x400-840x400.png\" width=\"840\" height=\"400\" class=\"wp-post-image wp-image-7562\" title=\"Fieger_Lamellenfenster_840x400\" alt=\"Fieger Lamellenfenster Au\u00dfenbereich der Produktion in Birkenau Odenwald\" srcset=\"https:\/\/www.fieger-lamellenfenster.de\/wp-content\/uploads\/2021\/12\/Fieger_Lamellenfenster_840x400.png 840w, https:\/\/www.fieger-lamellenfenster.de\/wp-content\/uploads\/2021\/12\/Fieger_Lamellenfenster_840x400-300x143.png 300w, https:\/\/www.fieger-lamellenfenster.de\/wp-content\/uploads\/2021\/12\/Fieger_Lamellenfenster_840x400-768x366.png 768w\" sizes=\"(max-width: 840px) 100vw, 840px\" \/>\t\n\t\t<\/div>\n\t<!-- \/image-wrap -->\n    \n    \t<\/div>\n<!-- \/module image --><!-- module fancy heading -->\n<div  class=\"module module-fancy-heading tb_9xt4450 \" data-lazy=\"1\">\n        <h1 class=\"fancy-heading tf_textc\">\n    <span class=\"main-head tf_block\">\n\t\t\t\t\tFen\u00eatres \u00e0 lames FIEGER\t\t    <\/span>\n\n\t\n    <span class=\"sub-head tf_block tf_rel\">\n\t\t\t\t\tQui sommes-nous ?\t\t    <\/span>\n    <\/h1>\n<\/div>\n<!-- \/module fancy heading -->\n\t<div  data-lazy=\"1\" class=\"module_subrow themify_builder_sub_row tb_2c7l361 tf_w tf_clearfix\">\n\t    \t\t\t<div class=\"subrow_inner col_align_top tb_col_count_2 tf_box tf_w\">\n\t\t            <div  data-lazy=\"1\" class=\"module_column sub_column tb_k5z4362 first\">\n                                                        <div class=\"tb-column-inner tf_box tf_w\">\n                        <!-- module text -->\n<div  class=\"module module-text tb_uabu583   \" data-lazy=\"1\">\n        <div  class=\"tb_text_wrap\">\n    <p>Les fen\u00eatres \u00e0 lames FIEGER correspondent parfaitement aux exigences de la qualit\u00e9 allemande \u00ab made in Germany \u00bb (fabriqu\u00e9 en Allemagne) en termes de pr\u00e9cision et de polyvalence, reconnues internationalement. Cette qualit\u00e9 refl\u00e8te \u00e9galement l\u2019histoire de notre entreprise:<br><br>la pi\u00e8ce ma\u00eetresse de notre r\u00e9ussite est un syst\u00e8me de transmission \u00e0 cr\u00e9maill\u00e8re brevet\u00e9 extr\u00eamement flexible qui se d\u00e9marque par sa l\u00e9g\u00e8ret\u00e9, sa fiabilit\u00e9 et sa robustesse. Thomas Fieger a fond\u00e9 l&rsquo;entreprise en 2000 \u00e0 Birkenau apr\u00e8s obtention d&rsquo;un brevet pour son syst\u00e8me et a d\u00e9but\u00e9 ses activit\u00e9s avec une \u00e9quipe de techniciens et d&rsquo;experts en production engag\u00e9s et comp\u00e9tents. Deux autres brevets ont ensuite \u00e9t\u00e9 \u00e9labor\u00e9s et les fen\u00eatres \u00e0 lames FIEGER sont d\u00e9sormais install\u00e9es partout dans le monde, de la ville de Karlsruhe jusqu&rsquo;en Californie. La qualit\u00e9 convainc.<\/p>    <\/div>\n<\/div>\n<!-- \/module text -->                    <\/div>\n                            <\/div>\n                        <div  data-lazy=\"1\" class=\"module_column sub_column tb_khp3362 last\">\n                                                        <div class=\"tb-column-inner tf_box tf_w\">\n                        <!-- module text -->\n<div  class=\"module module-text tb_qdm9883   \" data-lazy=\"1\">\n        <div  class=\"tb_text_wrap\">\n    <p>Aujourd\u2019hui, nous comptons parmi les entreprises internationalement reconnues de ce secteur. Si nous devons notre r\u00e9putation \u00e0 nos solutions sur mesure r\u00e9put\u00e9s tr\u00e8s fiables, nous avons \u00e0 c\u0153ur de proposer les fen\u00eatres \u00e0 lames FIEGER pour tous les projets de construction \u00e0 des conditions \u00e9conomiquement int\u00e9ressantes. Ainsi, nous accordons une grande importance \u00e0 la durabilit\u00e9 de nos produits : de la production efficace sur le plan \u00e9nerg\u00e9tique \u00e0 des technologies avec une grande dur\u00e9e de vie et des entra\u00eenements \u00e0 cr\u00e9maill\u00e8re sans entretien en passant par des emballages respectueux de l\u2019environnement.<br><br>Que ce soit dans l&rsquo;\u00e9cole primaire de la ville voisine ou dans la Silicon Valley, nous voulons que le plus grand nombre de personnes&nbsp;b\u00e9n\u00e9ficie des avantages de nos fen\u00eatres \u00e0 lames \u00e0 longue dur\u00e9e de vie, \u00e9conomes en \u00e9nergie et bien pens\u00e9es.<\/p>    <\/div>\n<\/div>\n<!-- \/module text -->                    <\/div>\n                            <\/div>\n            \t    <\/div>\n\t<\/div><!-- \/themify_builder_sub_row -->\n\t                    <\/div>\n                            <\/div>\n            \t    <\/div>\n\t    <!-- \/row_inner -->\n\t<\/div>\n\t<!-- \/module_row -->\n\t\t\t\t<!-- module_row -->\n\t<div  data-lazy=\"1\" class=\"module_row themify_builder_row tb_xdxa119 tf_w tf_clearfix\">\n\t    \t\t\t<div class=\"row_inner col_align_top tb_col_count_3 tf_box tf_rel\">\n\t\t            <div  data-lazy=\"1\" class=\"module_column tb-column col3-1 tb_pebs121 first\">\n                                                        <div class=\"tb-column-inner tf_box tf_w\">\n                        <!-- module image -->\n<div  class=\"module module-image tb_zrry950   image-center tf_mw\" data-lazy=\"1\">\n        <div class=\"image-wrap tf_rel tf_mw\">\n\t\t    <img loading=\"lazy\" decoding=\"async\" src=\"https:\/\/www.fieger-lamellenfenster.de\/wp-content\/uploads\/2021\/05\/Ziele-100x100.png\" width=\"100\" height=\"100\" class=\"wp-post-image wp-image-3698\" title=\"+ de 15\u00a0000\" alt=\"projets fructueux\" srcset=\"https:\/\/www.fieger-lamellenfenster.de\/wp-content\/uploads\/2021\/05\/Ziele-100x100.png 100w, https:\/\/www.fieger-lamellenfenster.de\/wp-content\/uploads\/2021\/05\/Ziele.png 150w\" sizes=\"(max-width: 100px) 100vw, 100px\" \/>\t\n\t\t<\/div>\n\t<!-- \/image-wrap -->\n    \n    \t<div class=\"image-content\">\n\t    \t\t\t<h3 class=\"image-title\">\n\t\t\t\t\t\t\t\t\t+ de 15\u00a0000\t\t\t\t\t\t\t<\/h3>\n\t    \n\t    \t\t<div class=\"image-caption tb_text_wrap\">\n\t\t    projets fructueux\t    <\/div>\n\t    <!-- \/image-caption -->\n\t    \t<\/div>\n\t<!-- \/image-content -->\n    \t<\/div>\n<!-- \/module image -->                    <\/div>\n                            <\/div>\n                        <div  data-lazy=\"1\" class=\"module_column tb-column col3-1 tb_wvkr965\">\n                                                        <div class=\"tb-column-inner tf_box tf_w\">\n                        <!-- module image -->\n<div  class=\"module module-image tb_h1zh967   image-center tf_mw\" data-lazy=\"1\">\n        <div class=\"image-wrap tf_rel tf_mw\">\n\t\t    <img loading=\"lazy\" decoding=\"async\" src=\"https:\/\/www.fieger-lamellenfenster.de\/wp-content\/uploads\/2021\/06\/Standort-3-100x100.png\" width=\"100\" height=\"100\" class=\"wp-post-image wp-image-5160\" title=\"+ de 25\" alt=\"pays ayant accueilli nos projets\" srcset=\"https:\/\/www.fieger-lamellenfenster.de\/wp-content\/uploads\/2021\/06\/Standort-3-100x100.png 100w, https:\/\/www.fieger-lamellenfenster.de\/wp-content\/uploads\/2021\/06\/Standort-3.png 150w\" sizes=\"(max-width: 100px) 100vw, 100px\" \/>\t\n\t\t<\/div>\n\t<!-- \/image-wrap -->\n    \n    \t<div class=\"image-content\">\n\t    \t\t\t<h3 class=\"image-title\">\n\t\t\t\t\t\t\t\t\t+ de 25\t\t\t\t\t\t\t<\/h3>\n\t    \n\t    \t\t<div class=\"image-caption tb_text_wrap\">\n\t\t    pays ayant accueilli nos projets\t    <\/div>\n\t    <!-- \/image-caption -->\n\t    \t<\/div>\n\t<!-- \/image-content -->\n    \t<\/div>\n<!-- \/module image -->                    <\/div>\n                            <\/div>\n                        <div  data-lazy=\"1\" class=\"module_column tb-column col3-1 tb_orxi906 last\">\n                                                        <div class=\"tb-column-inner tf_box tf_w\">\n                        <!-- module image -->\n<div  class=\"module module-image tb_d1ob907   image-center tf_mw\" data-lazy=\"1\">\n        <div class=\"image-wrap tf_rel tf_mw\">\n\t\t    <img loading=\"lazy\" decoding=\"async\" src=\"https:\/\/www.fieger-lamellenfenster.de\/wp-content\/uploads\/2021\/05\/Erfahrung-100x100.png\" width=\"100\" height=\"100\" class=\"wp-post-image wp-image-3694\" title=\"+ de 20\" alt=\"ann\u00e9es d&#039;exp\u00e9rience\" srcset=\"https:\/\/www.fieger-lamellenfenster.de\/wp-content\/uploads\/2021\/05\/Erfahrung-100x100.png 100w, https:\/\/www.fieger-lamellenfenster.de\/wp-content\/uploads\/2021\/05\/Erfahrung.png 150w\" sizes=\"(max-width: 100px) 100vw, 100px\" \/>\t\n\t\t<\/div>\n\t<!-- \/image-wrap -->\n    \n    \t<div class=\"image-content\">\n\t    \t\t\t<h3 class=\"image-title\">\n\t\t\t\t\t\t\t\t\t+ de 20\t\t\t\t\t\t\t<\/h3>\n\t    \n\t    \t\t<div class=\"image-caption tb_text_wrap\">\n\t\t    ann\u00e9es d&rsquo;exp\u00e9rience\t    <\/div>\n\t    <!-- \/image-caption -->\n\t    \t<\/div>\n\t<!-- \/image-content -->\n    \t<\/div>\n<!-- \/module image -->                    <\/div>\n                            <\/div>\n            \t    <\/div>\n\t    <!-- \/row_inner -->\n\t<\/div>\n\t<!-- \/module_row -->\n\t<\/div>\n<!--\/themify_builder_content-->","protected":false},"excerpt":{"rendered":"<p>Fen\u00eatres \u00e0 lames FIEGERQui sommes-nous ? Les fen\u00eatres \u00e0 lames FIEGER correspondent parfaitement aux exigences de la qualit\u00e9 allemande \u00ab made in Germany \u00bb (fabriqu\u00e9 en Allemagne) en termes de pr\u00e9cision et de polyvalence, reconnues internationalement. Cette qualit\u00e9 refl\u00e8te \u00e9galement l\u2019histoire de notre entreprise: la pi\u00e8ce ma\u00eetresse de notre r\u00e9ussite est un syst\u00e8me de transmission [&hellip;]<\/p>\n","protected":false},"author":18,"featured_media":0,"parent":0,"menu_order":2,"comment_status":"closed","ping_status":"closed","template":"","meta":{"footnotes":""},"_links":{"self":[{"href":"https:\/\/www.fieger-lamellenfenster.de\/fr\/wp-json\/wp\/v2\/pages\/5727"}],"collection":[{"href":"https:\/\/www.fieger-lamellenfenster.de\/fr\/wp-json\/wp\/v2\/pages"}],"about":[{"href":"https:\/\/www.fieger-lamellenfenster.de\/fr\/wp-json\/wp\/v2\/types\/page"}],"author":[{"embeddable":true,"href":"https:\/\/www.fieger-lamellenfenster.de\/fr\/wp-json\/wp\/v2\/users\/18"}],"replies":[{"embeddable":true,"href":"https:\/\/www.fieger-lamellenfenster.de\/fr\/wp-json\/wp\/v2\/comments?post=5727"}],"version-history":[{"count":12,"href":"https:\/\/www.fieger-lamellenfenster.de\/fr\/wp-json\/wp\/v2\/pages\/5727\/revisions"}],"predecessor-version":[{"id":11440,"href":"https:\/\/www.fieger-lamellenfenster.de\/fr\/wp-json\/wp\/v2\/pages\/5727\/revisions\/11440"}],"wp:attachment":[{"href":"https:\/\/www.fieger-lamellenfenster.de\/fr\/wp-json\/wp\/v2\/media?parent=5727"}],"curies":[{"name":"wp","href":"https:\/\/api.w.org\/{rel}","templated":true}]}}