{"id":5703,"date":"2021-07-09T11:09:05","date_gmt":"2021-07-09T09:09:05","guid":{"rendered":"https:\/\/www.fieger-lamellenfenster.de\/nuestro-equipo\/"},"modified":"2025-02-28T08:03:15","modified_gmt":"2025-02-28T07:03:15","slug":"nuestro-equipo","status":"publish","type":"page","link":"https:\/\/www.fieger-lamellenfenster.de\/es\/nuestro-equipo\/","title":{"rendered":"Nuestro equipo"},"content":{"rendered":"<div class=\"wp-block-themepunch-revslider revslider\" data-modal=\"false\" data-slidertitle=\"Wer wir sind_ES\" style=\"\">\n\t\t\t<!-- START Wer wir sind_ES REVOLUTION SLIDER 6.6.20 --><p class=\"rs-p-wp-fix\"><\/p>\n\t\t\t<rs-module-wrap id=\"rev_slider_61_1_wrapper\" data-source=\"gallery\" style=\"visibility:hidden;background:transparent;padding:0;margin:0px auto;margin-top:0;margin-bottom:0;\">\n\t\t\t\t<rs-module id=\"rev_slider_61_1\" style=\"\" data-version=\"6.6.20\">\n\t\t\t\t\t<rs-slides style=\"overflow: hidden; position: absolute;\">\n\t\t\t\t\t\t<rs-slide style=\"position: absolute;\" data-key=\"rs-83\" data-title=\"Slide2\" data-duration=\"4000ms\" data-in=\"o:0;\" data-out=\"a:false;\" data-d3=\"f:turn;d:vertical;su:true;\">\n\t\t\t\t\t\t\t<img decoding=\"async\" src=\"\/\/www.fieger-lamellenfenster.de\/wp-content\/plugins\/revslider\/public\/assets\/assets\/dummy.png\" alt=\"FLW 32 mit hoher Luftschalld\u00e4mmung und Schallschutzverglasung nach EN ISO 10140-1 \/ 2 Aussenansicht \u00c9cole De Drize Carouge, Schweiz\" title=\"Landscape_werwirsind\" width=\"1920\" height=\"300\" class=\"rev-slidebg tp-rs-img rs-lazyload\" data-lazyload=\"\/\/www.fieger-lamellenfenster.de\/wp-content\/uploads\/2021\/05\/Landscape_werwirsind.jpg\" data-no-retina>\n<!--\n\t\t\t\t\t\t\t--><rs-layer\n\t\t\t\t\t\t\t\tid=\"slider-61-slide-83-layer-2\" \n\t\t\t\t\t\t\t\tdata-type=\"text\"\n\t\t\t\t\t\t\t\tdata-color=\"#000000\"\n\t\t\t\t\t\t\t\tdata-rsp_ch=\"on\"\n\t\t\t\t\t\t\t\tdata-xy=\"x:-350px;y:92px;\"\n\t\t\t\t\t\t\t\tdata-text=\"w:nowrap;s:32;l:41;fw:700;a:right;\"\n\t\t\t\t\t\t\t\tdata-dim=\"w:833px;\"\n\t\t\t\t\t\t\t\tdata-vbility=\"t,t,t,f\"\n\t\t\t\t\t\t\t\tdata-padding=\"t:5;r:15;b:5;l:80;\"\n\t\t\t\t\t\t\t\tdata-frame_0=\"x:right;\"\n\t\t\t\t\t\t\t\tdata-frame_1=\"sp:1000;\"\n\t\t\t\t\t\t\t\tdata-frame_999=\"o:0;st:w;\"\n\t\t\t\t\t\t\t\tstyle=\"z-index:8;background-color:rgba(255,255,255,0.9);font-family:'Oswald';\"\n\t\t\t\t\t\t\t>TAN <font color=\"#c02126\"> \u00daNICOS   <\/font>COMO SUS IDEAS \n\t\t\t\t\t\t\t<\/rs-layer><!--\n-->\t\t\t\t\t\t<\/rs-slide>\n\t\t\t\t\t<\/rs-slides>\n\t\t\t\t\t<rs-static-layers><!--\n\t\t\t\t\t--><\/rs-static-layers>\n\t\t\t\t<\/rs-module>\n\t\t\t\t<script>\n\t\t\t\t\tsetREVStartSize({c: 'rev_slider_61_1',rl:[1240,1024,778,480],el:[300],gw:[1240],gh:[300],type:'standard',justify:'',layout:'fullwidth',mh:\"0\"});if (window.RS_MODULES!==undefined && window.RS_MODULES.modules!==undefined && window.RS_MODULES.modules[\"revslider611\"]!==undefined) {window.RS_MODULES.modules[\"revslider611\"].once = false;window.revapi61 = undefined;if (window.RS_MODULES.checkMinimal!==undefined) window.RS_MODULES.checkMinimal()}\n\t\t\t\t<\/script>\n\t\t\t<\/rs-module-wrap>\n\t\t\t<!-- END REVOLUTION SLIDER -->\n<\/div>\n\n<!--themify_builder_content-->\n<div id=\"themify_builder_content-5703\" data-postid=\"5703\" class=\"themify_builder_content themify_builder_content-5703 themify_builder tf_clear\">\n    \t\t\t<!-- module_row -->\n\t<div  data-lazy=\"1\" class=\"module_row themify_builder_row tb_8tv2756 tb_first tf_w tf_clearfix\">\n\t    \t\t\t<div class=\"row_inner col_align_top tb_col_count_1 tf_box tf_rel\">\n\t\t            <div  data-lazy=\"1\" class=\"module_column tb-column col-full tb_6zb1758 first\">\n                                                        <div class=\"tb-column-inner tf_box tf_w\">\n                        <!-- module image -->\n<div  class=\"module module-image tb_z94h409   image-center tf_mw\" data-lazy=\"1\">\n        <div class=\"image-wrap tf_rel tf_mw\">\n\t\t    <img loading=\"lazy\" decoding=\"async\" src=\"https:\/\/www.fieger-lamellenfenster.de\/wp-content\/uploads\/2021\/12\/Fieger_Lamellenfenster_840x400-840x400.png\" width=\"840\" height=\"400\" class=\"wp-post-image wp-image-7560\" title=\"Fieger_Lamellenfenster_840x400\" alt=\"Fieger_Lamellenfenster_840x400\" srcset=\"https:\/\/www.fieger-lamellenfenster.de\/wp-content\/uploads\/2021\/12\/Fieger_Lamellenfenster_840x400.png 840w, https:\/\/www.fieger-lamellenfenster.de\/wp-content\/uploads\/2021\/12\/Fieger_Lamellenfenster_840x400-300x143.png 300w, https:\/\/www.fieger-lamellenfenster.de\/wp-content\/uploads\/2021\/12\/Fieger_Lamellenfenster_840x400-768x366.png 768w\" sizes=\"(max-width: 840px) 100vw, 840px\" \/>\t\n\t\t<\/div>\n\t<!-- \/image-wrap -->\n    \n    \t<\/div>\n<!-- \/module image --><!-- module fancy heading -->\n<div  class=\"module module-fancy-heading tb_9xt4450 \" data-lazy=\"1\">\n        <h1 class=\"fancy-heading tf_textc\">\n    <span class=\"main-head tf_block\">\n\t\t\t\t\tVentana de lamas FIEGER\t\t    <\/span>\n\n\t\n    <span class=\"sub-head tf_block tf_rel\">\n\t\t\t\t\tNuestro equipo\t\t    <\/span>\n    <\/h1>\n<\/div>\n<!-- \/module fancy heading -->\n\t<div  data-lazy=\"1\" class=\"module_subrow themify_builder_sub_row tb_2c7l361 tf_w tf_clearfix\">\n\t    \t\t\t<div class=\"subrow_inner col_align_top tb_col_count_2 tf_box tf_w\">\n\t\t            <div  data-lazy=\"1\" class=\"module_column sub_column tb_k5z4362 first\">\n                                                        <div class=\"tb-column-inner tf_box tf_w\">\n                        <!-- module text -->\n<div  class=\"module module-text tb_uabu583   \" data-lazy=\"1\">\n        <div  class=\"tb_text_wrap\">\n    <p>Si hablamos de precisi\u00f3n y versatilidad, las ventanas de lamas FIEGER son exactamente lo que se entiende en todo el mundo por ingenier\u00eda \u00abMade in Germany\u00bb. Y eso refleja la historia de nuestra empresa a la perfecci\u00f3n.<br><br><span style=\"font-family: Arial, sans-serif;\">La esencia de nuestro \u00e9xito se basa en un accionamiento de cremallera sumamente vers\u00e1til, con una suavidad y seguridad \u00fanicas. En el a\u00f1o 2000, Thomas Fieger, fund\u00f3 la empresa en Birkenau, empezando con un equipo de t\u00e9cnicos y especialistas comprometidos. Entretanto, las ventanas de lamas FIEGER han llegado a todo el mundo, desde Karlsruhe hasta California. Calidad m\u00e1s que convincente.<\/span><br><\/p>    <\/div>\n<\/div>\n<!-- \/module text -->                    <\/div>\n                            <\/div>\n                        <div  data-lazy=\"1\" class=\"module_column sub_column tb_khp3362 last\">\n                                                        <div class=\"tb-column-inner tf_box tf_w\">\n                        <!-- module text -->\n<div  class=\"module module-text tb_qdm9883   \" data-lazy=\"1\">\n        <div  class=\"tb_text_wrap\">\n    <p>A d\u00eda de hoy, somos una empresa de renombre mundial en el sector. Aunque nuestra fama proviene de nuestras incre\u00edbles y exclusivas soluciones. Consideramos que es muy importante ofrecer ventanas de lamas FIEGER en condiciones asequibles orientadas a todos los proyectos de construcci\u00f3n. Para ello, siempre tenemos en cuenta la sostenibilidad de nuestros productos: desde la producci\u00f3n energ\u00e9ticamente eficiente hasta la tecnolog\u00eda duradera y el accionamiento de cremallera sin necesidad de&nbsp;mantenimiento, pasando por los embalajes ecol\u00f3gicos.<br><br>Ya se trate de la escuela del barrio como de Silicon Valley, queremos que todo el mundo disfrute de las ventajas de nuestras sofisticadas ventanas de lamas, de bajo consumo y duraderas.<\/p>    <\/div>\n<\/div>\n<!-- \/module text -->                    <\/div>\n                            <\/div>\n            \t    <\/div>\n\t<\/div><!-- \/themify_builder_sub_row -->\n\t                    <\/div>\n                            <\/div>\n            \t    <\/div>\n\t    <!-- \/row_inner -->\n\t<\/div>\n\t<!-- \/module_row -->\n\t\t\t\t<!-- module_row -->\n\t<div  data-lazy=\"1\" class=\"module_row themify_builder_row tb_xdxa119 tf_w tf_clearfix\">\n\t    \t\t\t<div class=\"row_inner col_align_top tb_col_count_3 tf_box tf_rel\">\n\t\t            <div  data-lazy=\"1\" class=\"module_column tb-column col3-1 tb_pebs121 first\">\n                                                        <div class=\"tb-column-inner tf_box tf_w\">\n                        <!-- module image -->\n<div  class=\"module module-image tb_zrry950   image-center tf_mw\" data-lazy=\"1\">\n        <div class=\"image-wrap tf_rel tf_mw\">\n\t\t    <img loading=\"lazy\" decoding=\"async\" src=\"https:\/\/www.fieger-lamellenfenster.de\/wp-content\/uploads\/2021\/05\/Ziele-100x100.png\" width=\"100\" height=\"100\" class=\"wp-post-image wp-image-3699\" title=\"+ 15\u00a0000\" alt=\"Proyectos realizados con \u00e9xito\" srcset=\"https:\/\/www.fieger-lamellenfenster.de\/wp-content\/uploads\/2021\/05\/Ziele-100x100.png 100w, https:\/\/www.fieger-lamellenfenster.de\/wp-content\/uploads\/2021\/05\/Ziele.png 150w\" sizes=\"(max-width: 100px) 100vw, 100px\" \/>\t\n\t\t<\/div>\n\t<!-- \/image-wrap -->\n    \n    \t<div class=\"image-content\">\n\t    \t\t\t<h3 class=\"image-title\">\n\t\t\t\t\t\t\t\t\t+ 15\u00a0000\t\t\t\t\t\t\t<\/h3>\n\t    \n\t    \t\t<div class=\"image-caption tb_text_wrap\">\n\t\t    Proyectos realizados con \u00e9xito\t    <\/div>\n\t    <!-- \/image-caption -->\n\t    \t<\/div>\n\t<!-- \/image-content -->\n    \t<\/div>\n<!-- \/module image -->                    <\/div>\n                            <\/div>\n                        <div  data-lazy=\"1\" class=\"module_column tb-column col3-1 tb_wvkr965\">\n                                                        <div class=\"tb-column-inner tf_box tf_w\">\n                        <!-- module image -->\n<div  class=\"module module-image tb_h1zh967   image-center tf_mw\" data-lazy=\"1\">\n        <div class=\"image-wrap tf_rel tf_mw\">\n\t\t    <img loading=\"lazy\" decoding=\"async\" src=\"https:\/\/www.fieger-lamellenfenster.de\/wp-content\/uploads\/2021\/06\/Standort-3-100x100.png\" width=\"100\" height=\"100\" class=\"wp-post-image wp-image-5161\" title=\"+ 25\" alt=\"Pa\u00edses\" srcset=\"https:\/\/www.fieger-lamellenfenster.de\/wp-content\/uploads\/2021\/06\/Standort-3-100x100.png 100w, https:\/\/www.fieger-lamellenfenster.de\/wp-content\/uploads\/2021\/06\/Standort-3.png 150w\" sizes=\"(max-width: 100px) 100vw, 100px\" \/>\t\n\t\t<\/div>\n\t<!-- \/image-wrap -->\n    \n    \t<div class=\"image-content\">\n\t    \t\t\t<h3 class=\"image-title\">\n\t\t\t\t\t\t\t\t\t+ 25\t\t\t\t\t\t\t<\/h3>\n\t    \n\t    \t\t<div class=\"image-caption tb_text_wrap\">\n\t\t    Pa\u00edses\t    <\/div>\n\t    <!-- \/image-caption -->\n\t    \t<\/div>\n\t<!-- \/image-content -->\n    \t<\/div>\n<!-- \/module image -->                    <\/div>\n                            <\/div>\n                        <div  data-lazy=\"1\" class=\"module_column tb-column col3-1 tb_orxi906 last\">\n                                                        <div class=\"tb-column-inner tf_box tf_w\">\n                        <!-- module image -->\n<div  class=\"module module-image tb_d1ob907   image-center tf_mw\" data-lazy=\"1\">\n        <div class=\"image-wrap tf_rel tf_mw\">\n\t\t    <img loading=\"lazy\" decoding=\"async\" src=\"https:\/\/www.fieger-lamellenfenster.de\/wp-content\/uploads\/2021\/05\/Erfahrung-100x100.png\" width=\"100\" height=\"100\" class=\"wp-post-image wp-image-3695\" title=\"+ 20\" alt=\"A\u00f1os de experiencia\" srcset=\"https:\/\/www.fieger-lamellenfenster.de\/wp-content\/uploads\/2021\/05\/Erfahrung-100x100.png 100w, https:\/\/www.fieger-lamellenfenster.de\/wp-content\/uploads\/2021\/05\/Erfahrung.png 150w\" sizes=\"(max-width: 100px) 100vw, 100px\" \/>\t\n\t\t<\/div>\n\t<!-- \/image-wrap -->\n    \n    \t<div class=\"image-content\">\n\t    \t\t\t<h3 class=\"image-title\">\n\t\t\t\t\t\t\t\t\t+ 20\t\t\t\t\t\t\t<\/h3>\n\t    \n\t    \t\t<div class=\"image-caption tb_text_wrap\">\n\t\t    A\u00f1os de experiencia\t    <\/div>\n\t    <!-- \/image-caption -->\n\t    \t<\/div>\n\t<!-- \/image-content -->\n    \t<\/div>\n<!-- \/module image -->                    <\/div>\n                            <\/div>\n            \t    <\/div>\n\t    <!-- \/row_inner -->\n\t<\/div>\n\t<!-- \/module_row -->\n\t<\/div>\n<!--\/themify_builder_content-->","protected":false},"excerpt":{"rendered":"<p>Ventana de lamas FIEGERNuestro equipo Si hablamos de precisi\u00f3n y versatilidad, las ventanas de lamas FIEGER son exactamente lo que se entiende en todo el mundo por ingenier\u00eda \u00abMade in Germany\u00bb. Y eso refleja la historia de nuestra empresa a la perfecci\u00f3n. la esencia de nuestro \u00e9xito se basa en un accionamiento de cremallera patentado [&hellip;]<\/p>\n","protected":false},"author":18,"featured_media":0,"parent":0,"menu_order":2,"comment_status":"closed","ping_status":"closed","template":"","meta":{"footnotes":""},"_links":{"self":[{"href":"https:\/\/www.fieger-lamellenfenster.de\/es\/wp-json\/wp\/v2\/pages\/5703"}],"collection":[{"href":"https:\/\/www.fieger-lamellenfenster.de\/es\/wp-json\/wp\/v2\/pages"}],"about":[{"href":"https:\/\/www.fieger-lamellenfenster.de\/es\/wp-json\/wp\/v2\/types\/page"}],"author":[{"embeddable":true,"href":"https:\/\/www.fieger-lamellenfenster.de\/es\/wp-json\/wp\/v2\/users\/18"}],"replies":[{"embeddable":true,"href":"https:\/\/www.fieger-lamellenfenster.de\/es\/wp-json\/wp\/v2\/comments?post=5703"}],"version-history":[{"count":17,"href":"https:\/\/www.fieger-lamellenfenster.de\/es\/wp-json\/wp\/v2\/pages\/5703\/revisions"}],"predecessor-version":[{"id":11439,"href":"https:\/\/www.fieger-lamellenfenster.de\/es\/wp-json\/wp\/v2\/pages\/5703\/revisions\/11439"}],"wp:attachment":[{"href":"https:\/\/www.fieger-lamellenfenster.de\/es\/wp-json\/wp\/v2\/media?parent=5703"}],"curies":[{"name":"wp","href":"https:\/\/api.w.org\/{rel}","templated":true}]}}